{"id":239031,"date":"2021-10-17T16:26:43","date_gmt":"2021-10-17T16:26:43","guid":{"rendered":"https:\/\/boxbarrier.com\/?page_id=239031"},"modified":"2026-03-07T08:48:20","modified_gmt":"2026-03-07T08:48:20","slug":"startseite","status":"publish","type":"page","link":"https:\/\/boxbarrier.com\/?page_id=239031&lang=de","title":{"rendered":"Startseite"},"content":{"rendered":"<p>[et_pb_section fb_built=&#8221;1&#8243; fullwidth=&#8221;on&#8221; _builder_version=&#8221;4.16&#8243; _module_preset=&#8221;default&#8221; background_enable_color=&#8221;off&#8221; background_image=&#8221;https:\/\/boxbarrier.com\/wp-content\/uploads\/2021\/09\/BANNER1-Opening-Flood-Proof-Holland-2-2.jpg&#8221; custom_margin=&#8221;||||false|false&#8221; custom_padding=&#8221;||||false|false&#8221; global_colors_info=&#8221;{}&#8221;][et_pb_fullwidth_header title=&#8221;Effektive Hochwassersperre zur Vermeidung von Sch\u00e4den&#8221; text_orientation=&#8221;center&#8221; button_one_text=&#8221;Mehr lesen&#8221; button_one_url=&#8221;@ET-DC@eyJkeW5hbWljIjp0cnVlLCJjb250ZW50IjoicG9zdF9saW5rX3VybF9wYWdlIiwic2V0dGluZ3MiOnsicG9zdF9pZCI6IjEyNSJ9fQ==@&#8221; _builder_version=&#8221;4.16&#8243; _dynamic_attributes=&#8221;button_one_url&#8221; _module_preset=&#8221;default&#8221; background_color=&#8221;rgba(40,41,41,0.46)&#8221; custom_button_one=&#8221;on&#8221; button_one_letter_spacing=&#8221;2px&#8221; button_one_custom_padding=&#8221;7px||||false|false&#8221; custom_margin=&#8221;||||false|false&#8221; custom_padding=&#8221;100px||100px||false|false&#8221; custom_padding_tablet=&#8221;&#8221; custom_padding_phone=&#8221;50px||50px||false|false&#8221; custom_padding_last_edited=&#8221;on|phone&#8221; global_colors_info=&#8221;{}&#8221;]<\/p>\n<p><span>Die BoxBarrier\u00ae ist eine neue tempor\u00e4re Hochwassersperre, die sich durch ihre Einfachheit und Flexibilit\u00e4t auszeichnet.<\/span><\/p>\n<p>[\/et_pb_fullwidth_header][\/et_pb_section][et_pb_section fb_built=&#8221;1&#8243; _builder_version=&#8221;4.16&#8243; _module_preset=&#8221;default&#8221; background_enable_color=&#8221;off&#8221; global_colors_info=&#8221;{}&#8221;][et_pb_row column_structure=&#8221;1_3,1_3,1_3&#8243; _builder_version=&#8221;4.16&#8243; _module_preset=&#8221;default&#8221; global_colors_info=&#8221;{}&#8221;][et_pb_column type=&#8221;1_3&#8243; _builder_version=&#8221;4.16&#8243; _module_preset=&#8221;default&#8221; global_colors_info=&#8221;{}&#8221;][et_pb_blurb title=&#8221;Produkt&#8221; image=&#8221;https:\/\/boxbarrier.com\/wp-content\/uploads\/2021\/09\/BoxBarrier_HetProduct_2.jpg&#8221; icon_alignment=&#8221;left&#8221; content_max_width=&#8221;100%&#8221; _builder_version=&#8221;4.16&#8243; _module_preset=&#8221;default&#8221; custom_margin=&#8221;||12px||false|false&#8221; border_radii_image=&#8221;on|5px|5px|5px|5px&#8221; border_color_all_image=&#8221;rgba(238,238,238,0.17)&#8221; global_colors_info=&#8221;{}&#8221;]<\/p>\n<p><span>Die BoxBarrier\u00ae ist ein sehr effektives mobiles Hochwasserschutzsystem, das zur tempor\u00e4ren Erh\u00f6hung eines bestehenden Deiches oder zum Bau eines tempor\u00e4ren Deiches auf ebenem Gel\u00e4nde verwendet werden kann, um das dahinterliegende Gel\u00e4nde vor \u00dcberschwemmung zu sch\u00fctzen.<\/span><\/p>\n<p>[\/et_pb_blurb][et_pb_button button_url=&#8221;@ET-DC@eyJkeW5hbWljIjp0cnVlLCJjb250ZW50IjoicG9zdF9saW5rX3VybF9wYWdlIiwic2V0dGluZ3MiOnsicG9zdF9pZCI6IjEyNSJ9fQ==@&#8221; button_text=&#8221;Mehr lesen&#8221; _builder_version=&#8221;4.16&#8243; _dynamic_attributes=&#8221;button_url&#8221; _module_preset=&#8221;default&#8221; custom_button=&#8221;on&#8221; button_text_color=&#8221;#ffffff&#8221; button_bg_color=&#8221;#59C4E7&#8243; button_letter_spacing=&#8221;2px&#8221; button_font=&#8221;||||||||&#8221; button_use_icon=&#8221;off&#8221; custom_margin=&#8221;||||false|false&#8221; custom_padding=&#8221;7px||||false|false&#8221; global_colors_info=&#8221;{}&#8221;][\/et_pb_button][\/et_pb_column][et_pb_column type=&#8221;1_3&#8243; _builder_version=&#8221;4.16&#8243; _module_preset=&#8221;default&#8221; global_colors_info=&#8221;{}&#8221;][et_pb_blurb title=&#8221;Einsatzbereiche&#8221; image=&#8221;https:\/\/boxbarrier.com\/wp-content\/uploads\/2021\/09\/BoxBarrier_HetProduct_3.jpg&#8221; icon_alignment=&#8221;left&#8221; content_max_width=&#8221;100%&#8221; _builder_version=&#8221;4.16&#8243; _module_preset=&#8221;default&#8221; custom_margin=&#8221;||12px||false|false&#8221; custom_padding=&#8221;||||false|false&#8221; border_radii_image=&#8221;on|5px|5px|5px|5px&#8221; global_colors_info=&#8221;{}&#8221;]<\/p>\n<p><span>Die BoxBarrier\u00ae ist ein sehr effektives mobiles Hochwasserschutzsystem, das zur tempor\u00e4ren Erh\u00f6hung eines bestehenden Deiches oder zum Bau eines tempor\u00e4ren Deiches<\/span> auf ebenem Gel\u00e4nde verwendet werden kann, um das dahinterliegende Gel\u00e4nde vor \u00dcberschwemmung zu sch\u00fctzen.<\/p>\n<p>[\/et_pb_blurb][et_pb_button button_url=&#8221;@ET-DC@eyJkeW5hbWljIjp0cnVlLCJjb250ZW50IjoicG9zdF9saW5rX3VybF9wYWdlIiwic2V0dGluZ3MiOnsicG9zdF9pZCI6IjE5NiJ9fQ==@&#8221; button_text=&#8221;Mehr lesen&#8221; _builder_version=&#8221;4.16&#8243; _dynamic_attributes=&#8221;button_url&#8221; _module_preset=&#8221;default&#8221; custom_button=&#8221;on&#8221; button_text_color=&#8221;#ffffff&#8221; button_bg_color=&#8221;#59C4E7&#8243; button_letter_spacing=&#8221;2px&#8221; button_font=&#8221;||||||||&#8221; button_use_icon=&#8221;off&#8221; custom_margin=&#8221;||||false|false&#8221; custom_padding=&#8221;7px||||false|false&#8221; global_colors_info=&#8221;{}&#8221;][\/et_pb_button][\/et_pb_column][et_pb_column type=&#8221;1_3&#8243; _builder_version=&#8221;4.16&#8243; _module_preset=&#8221;default&#8221; global_colors_info=&#8221;{}&#8221;][et_pb_blurb title=&#8221;Vergleich&#8221; image=&#8221;https:\/\/boxbarrier.com\/wp-content\/uploads\/2021\/09\/BoxBarrier_HetProduct.jpg&#8221; icon_alignment=&#8221;left&#8221; content_max_width=&#8221;100%&#8221; _builder_version=&#8221;4.16&#8243; _module_preset=&#8221;default&#8221; custom_margin=&#8221;||12px||false|false&#8221; border_radii_image=&#8221;on|5px|5px|5px|5px&#8221; global_colors_info=&#8221;{}&#8221;]<\/p>\n<p><span>Wir haben einen umfangreichen Vergleich verschiedener Hochwasserschutzsysteme erstellt. Finden Sie innerhalb von Sekunden die relevantesten Abwehrsysteme und entdecken Sie die Vorteile der BoxBarrier.<\/span><\/p>\n<p>[\/et_pb_blurb][et_pb_button button_url=&#8221;@ET-DC@eyJkeW5hbWljIjp0cnVlLCJjb250ZW50IjoicG9zdF9saW5rX3VybF9wYWdlIiwic2V0dGluZ3MiOnsicG9zdF9pZCI6IjE4OCJ9fQ==@&#8221; button_text=&#8221;Mehr lesen&#8221; _builder_version=&#8221;4.16&#8243; _dynamic_attributes=&#8221;button_url&#8221; _module_preset=&#8221;default&#8221; custom_button=&#8221;on&#8221; button_text_color=&#8221;#ffffff&#8221; button_bg_color=&#8221;#59C4E7&#8243; button_letter_spacing=&#8221;2px&#8221; button_font=&#8221;||||||||&#8221; button_use_icon=&#8221;off&#8221; custom_padding=&#8221;7px||||false|false&#8221; global_colors_info=&#8221;{}&#8221;][\/et_pb_button][\/et_pb_column][\/et_pb_row][\/et_pb_section][et_pb_section fb_built=&#8221;1&#8243; _builder_version=&#8221;4.16&#8243; _module_preset=&#8221;default&#8221; background_color=&#8221;#EEEEEE&#8221; global_colors_info=&#8221;{}&#8221;][et_pb_row column_structure=&#8221;3_5,2_5&#8243; _builder_version=&#8221;4.16&#8243; _module_preset=&#8221;default&#8221; global_colors_info=&#8221;{}&#8221;][et_pb_column type=&#8221;3_5&#8243; _builder_version=&#8221;4.16&#8243; _module_preset=&#8221;default&#8221; global_colors_info=&#8221;{}&#8221;][et_pb_video src=&#8221;%22https:\/\/youtu.be\/oIcUGEjQIsA%22&#8243; _builder_version=&#8221;4.16&#8243; _module_preset=&#8221;%22default%22&#8243; border_radii=&#8221;%22on|5px|5px|5px|5px%22&#8243; global_colors_info=&#8221;%22{}%22&#8243;][\/et_pb_video][\/et_pb_column][et_pb_column type=&#8221;2_5&#8243; _builder_version=&#8221;4.16&#8243; _module_preset=&#8221;default&#8221; global_colors_info=&#8221;{}&#8221;][et_pb_text _builder_version=&#8221;4.16&#8243; _module_preset=&#8221;default&#8221; global_colors_info=&#8221;{}&#8221;]<\/p>\n<h4><span><\/span>BoxBarrier<\/h4>\n<p><span>Das Funktionskonzept der BoxBarrier\u00ae ist einfach, da sie ihren Gegenspieler f\u00fcr sich arbeiten l\u00e4sst: sie d\u00e4mmt das Hochwasser mit Wasser.<\/span><\/p>\n<p><span>Schauen Sie sich die Demonstrationen und Tests des BoxBarrier-Wasserschutzsystems in verschiedenen Situationen an.<\/span><\/p>\n<p>[\/et_pb_text][\/et_pb_column][\/et_pb_row][\/et_pb_section][et_pb_section fb_built=&#8221;1&#8243; _builder_version=&#8221;4.16&#8243; _module_preset=&#8221;default&#8221; global_colors_info=&#8221;{}&#8221;][et_pb_row column_structure=&#8221;1_3,1_3,1_3&#8243; _builder_version=&#8221;4.16&#8243; _module_preset=&#8221;default&#8221; global_colors_info=&#8221;{}&#8221;][et_pb_column type=&#8221;1_3&#8243; _builder_version=&#8221;4.16&#8243; _module_preset=&#8221;default&#8221; global_colors_info=&#8221;{}&#8221;][et_pb_blurb title=&#8221;Effiziente Lagerung&#8221; use_icon=&#8221;on&#8221; font_icon=&#8221;&#x5a;||divi||400&#8243; icon_color=&#8221;#59C4E7&#8243; icon_placement=&#8221;left&#8221; _builder_version=&#8221;4.16&#8243; _module_preset=&#8221;default&#8221; global_colors_info=&#8221;{}&#8221;]<\/p>\n<p><span>Dank der kompakten Form und der M\u00f6glichkeit die Beh\u00e4lter zu stapeln, ist die BoxBarrier effizient zu lagern und einfach zu transportieren. Die BoxBarrier l\u00e4sst sich bis zu einer H\u00f6he von 20 Einheiten stapeln, wobei auch eine Lagerung im Freien m\u00f6glich ist. <\/span><\/p>\n<p>[\/et_pb_blurb][\/et_pb_column][et_pb_column type=&#8221;1_3&#8243; _builder_version=&#8221;4.16&#8243; _module_preset=&#8221;default&#8221; global_colors_info=&#8221;{}&#8221;][et_pb_blurb title=&#8221;Einfacher Transport&#8221; use_icon=&#8221;on&#8221; font_icon=&#8221;&#x5a;||divi||400&#8243; icon_color=&#8221;#59C4E7&#8243; icon_placement=&#8221;left&#8221; _builder_version=&#8221;4.16&#8243; _module_preset=&#8221;default&#8221; global_colors_info=&#8221;{}&#8221;]<\/p>\n<p><span>Aufgrund des geringen Gewichtes der BoxBarrier50 Beh\u00e4lter kann der Transport mit leichten Fahrzeugen erfolgen, beispielsweise einem Quad mit Anh\u00e4nger oder einem leichten offenen Boot. Darum ist das BoxBarrier System auch sehr gut <\/span>f\u00fcr private Hochwasserschutzma\u03b2nahmen wie z.B. bei Wohnh\u00e4usern geeignet<span>.<\/span><\/p>\n<p>[\/et_pb_blurb][\/et_pb_column][et_pb_column type=&#8221;1_3&#8243; _builder_version=&#8221;4.16&#8243; _module_preset=&#8221;default&#8221; global_colors_info=&#8221;{}&#8221;][et_pb_blurb title=&#8221;Schnelle und einfache Installation&#8221; use_icon=&#8221;on&#8221; font_icon=&#8221;&#x5a;||divi||400&#8243; icon_color=&#8221;#59C4E7&#8243; icon_placement=&#8221;left&#8221; _builder_version=&#8221;4.16&#8243; _module_preset=&#8221;default&#8221; global_colors_info=&#8221;{}&#8221;]<\/p>\n<p><span>Eine Schutzsstrecke von 100m L\u00e4nge kann von einem dreik\u00f6pfigen Team innerhalb einer Stunde aufgebaut werden. Die BoxBarrier Beh\u00e4lter werden mithilfe einer einfachen Pumpe gef\u00fcllt. Eine Pumpkapazit\u00e4t von 30m3\/h ist hinreichend um 100m BoxBarrier innnerhalb einer Stunde zu f\u00fcllen. <a href=\"%22#%22\"><\/a><\/span><\/p>\n<p>[\/et_pb_blurb][\/et_pb_column][\/et_pb_row][\/et_pb_section][et_pb_section fb_built=&#8221;1&#8243; _builder_version=&#8221;4.16&#8243; _module_preset=&#8221;default&#8221; background_image=&#8221;https:\/\/boxbarrier.com\/wp-content\/uploads\/2021\/09\/flood-protection-boxbarrier-zwijndrecht-2.jpg&#8221; min_height=&#8221;300px&#8221; global_colors_info=&#8221;{}&#8221;][\/et_pb_section]<\/p>\n","protected":false},"excerpt":{"rendered":"<p>Die BoxBarrier\u00ae ist eine neue tempor\u00e4re Hochwassersperre, die sich durch ihre Einfachheit und Flexibilit\u00e4t auszeichnet.Die BoxBarrier\u00ae ist ein sehr effektives mobiles Hochwasserschutzsystem, das zur tempor\u00e4ren Erh\u00f6hung eines bestehenden Deiches oder zum Bau eines tempor\u00e4ren Deiches auf ebenem Gel\u00e4nde verwendet werden kann, um das dahinterliegende Gel\u00e4nde vor \u00dcberschwemmung zu sch\u00fctzen.Die BoxBarrier\u00ae ist ein sehr effektives mobiles [&hellip;]<\/p>\n","protected":false},"author":1,"featured_media":0,"parent":0,"menu_order":0,"comment_status":"closed","ping_status":"closed","template":"","meta":{"_et_pb_use_builder":"on","_et_pb_old_content":"","_et_gb_content_width":"","footnotes":""},"class_list":["post-239031","page","type-page","status-publish","hentry"],"yoast_head":"<!-- This site is optimized with the Yoast SEO plugin v27.1.1 - https:\/\/yoast.com\/product\/yoast-seo-wordpress\/ -->\n<title>Das BoxBarrier\u00ae - System verwendet seinen eigenen Gegner, das Wasser, zum Schutz vor \u00dcberschwemmung und \u00dcberflutung.<\/title>\n<meta name=\"description\" content=\"Die BoxBarrier\u00ae ist eine neue tempor\u00e4re Hochwassersperre, die sich durch ihre Einfachheit und Flexibilit\u00e4t auszeichnet. Das System nutzt das Wasser zum Schutz vor Hochwasser und vor \u00fcberschlagenden Wellen.\" \/>\n<meta name=\"robots\" content=\"noindex, follow, max-snippet:-1, max-image-preview:large, max-video-preview:-1\" \/>\n<meta property=\"og:locale\" content=\"en_US\" \/>\n<meta property=\"og:type\" content=\"article\" \/>\n<meta property=\"og:title\" content=\"Das BoxBarrier\u00ae - System verwendet seinen eigenen Gegner, das Wasser, zum Schutz vor \u00dcberschwemmung und \u00dcberflutung.\" \/>\n<meta property=\"og:description\" content=\"Die BoxBarrier\u00ae ist eine neue tempor\u00e4re Hochwassersperre, die sich durch ihre Einfachheit und Flexibilit\u00e4t auszeichnet. Das System nutzt das Wasser zum Schutz vor Hochwasser und vor \u00fcberschlagenden Wellen.\" \/>\n<meta property=\"og:url\" content=\"https:\/\/boxbarrier.com\/?page_id=239031&amp;lang=de\" \/>\n<meta property=\"og:site_name\" content=\"BoxBarrier\" \/>\n<meta property=\"article:modified_time\" content=\"2026-03-07T08:48:20+00:00\" \/>\n<meta name=\"twitter:card\" content=\"summary_large_image\" \/>\n<meta name=\"twitter:label1\" content=\"Est. reading time\" \/>\n\t<meta name=\"twitter:data1\" content=\"6 minutes\" \/>\n<script type=\"application\/ld+json\" class=\"yoast-schema-graph\">{\"@context\":\"https:\/\/schema.org\",\"@graph\":[{\"@type\":\"WebPage\",\"@id\":\"https:\/\/boxbarrier.com\/?page_id=239031&lang=de\",\"url\":\"https:\/\/boxbarrier.com\/?page_id=239031&lang=de\",\"name\":\"Das BoxBarrier\u00ae - System verwendet seinen eigenen Gegner, das Wasser, zum Schutz vor \u00dcberschwemmung und \u00dcberflutung.\",\"isPartOf\":{\"@id\":\"https:\/\/boxbarrier.com\/#website\"},\"datePublished\":\"2021-10-17T16:26:43+00:00\",\"dateModified\":\"2026-03-07T08:48:20+00:00\",\"description\":\"Die BoxBarrier\u00ae ist eine neue tempor\u00e4re Hochwassersperre, die sich durch ihre Einfachheit und Flexibilit\u00e4t auszeichnet. Das System nutzt das Wasser zum Schutz vor Hochwasser und vor \u00fcberschlagenden Wellen.\",\"breadcrumb\":{\"@id\":\"https:\/\/boxbarrier.com\/?page_id=239031&lang=de#breadcrumb\"},\"inLanguage\":\"en-US\",\"potentialAction\":[{\"@type\":\"ReadAction\",\"target\":[\"https:\/\/boxbarrier.com\/?page_id=239031&lang=de\"]}]},{\"@type\":\"BreadcrumbList\",\"@id\":\"https:\/\/boxbarrier.com\/?page_id=239031&lang=de#breadcrumb\",\"itemListElement\":[{\"@type\":\"ListItem\",\"position\":1,\"name\":\"Home\",\"item\":\"https:\/\/boxbarrier.com\/\"},{\"@type\":\"ListItem\",\"position\":2,\"name\":\"Startseite\"}]},{\"@type\":\"WebSite\",\"@id\":\"https:\/\/boxbarrier.com\/#website\",\"url\":\"https:\/\/boxbarrier.com\/\",\"name\":\"BoxBarrier\",\"description\":\"Flood Barrier: Temporary Flood Defence System\",\"potentialAction\":[{\"@type\":\"SearchAction\",\"target\":{\"@type\":\"EntryPoint\",\"urlTemplate\":\"https:\/\/boxbarrier.com\/?s={search_term_string}\"},\"query-input\":{\"@type\":\"PropertyValueSpecification\",\"valueRequired\":true,\"valueName\":\"search_term_string\"}}],\"inLanguage\":\"en-US\"}]}<\/script>\n<!-- \/ Yoast SEO plugin. -->","yoast_head_json":{"title":"Das BoxBarrier\u00ae - System verwendet seinen eigenen Gegner, das Wasser, zum Schutz vor \u00dcberschwemmung und \u00dcberflutung.","description":"Die BoxBarrier\u00ae ist eine neue tempor\u00e4re Hochwassersperre, die sich durch ihre Einfachheit und Flexibilit\u00e4t auszeichnet. Das System nutzt das Wasser zum Schutz vor Hochwasser und vor \u00fcberschlagenden Wellen.","robots":{"index":"noindex","follow":"follow","max-snippet":"max-snippet:-1","max-image-preview":"max-image-preview:large","max-video-preview":"max-video-preview:-1"},"og_locale":"en_US","og_type":"article","og_title":"Das BoxBarrier\u00ae - System verwendet seinen eigenen Gegner, das Wasser, zum Schutz vor \u00dcberschwemmung und \u00dcberflutung.","og_description":"Die BoxBarrier\u00ae ist eine neue tempor\u00e4re Hochwassersperre, die sich durch ihre Einfachheit und Flexibilit\u00e4t auszeichnet. Das System nutzt das Wasser zum Schutz vor Hochwasser und vor \u00fcberschlagenden Wellen.","og_url":"https:\/\/boxbarrier.com\/?page_id=239031&lang=de","og_site_name":"BoxBarrier","article_modified_time":"2026-03-07T08:48:20+00:00","twitter_card":"summary_large_image","twitter_misc":{"Est. reading time":"6 minutes"},"schema":{"@context":"https:\/\/schema.org","@graph":[{"@type":"WebPage","@id":"https:\/\/boxbarrier.com\/?page_id=239031&lang=de","url":"https:\/\/boxbarrier.com\/?page_id=239031&lang=de","name":"Das BoxBarrier\u00ae - System verwendet seinen eigenen Gegner, das Wasser, zum Schutz vor \u00dcberschwemmung und \u00dcberflutung.","isPartOf":{"@id":"https:\/\/boxbarrier.com\/#website"},"datePublished":"2021-10-17T16:26:43+00:00","dateModified":"2026-03-07T08:48:20+00:00","description":"Die BoxBarrier\u00ae ist eine neue tempor\u00e4re Hochwassersperre, die sich durch ihre Einfachheit und Flexibilit\u00e4t auszeichnet. Das System nutzt das Wasser zum Schutz vor Hochwasser und vor \u00fcberschlagenden Wellen.","breadcrumb":{"@id":"https:\/\/boxbarrier.com\/?page_id=239031&lang=de#breadcrumb"},"inLanguage":"en-US","potentialAction":[{"@type":"ReadAction","target":["https:\/\/boxbarrier.com\/?page_id=239031&lang=de"]}]},{"@type":"BreadcrumbList","@id":"https:\/\/boxbarrier.com\/?page_id=239031&lang=de#breadcrumb","itemListElement":[{"@type":"ListItem","position":1,"name":"Home","item":"https:\/\/boxbarrier.com\/"},{"@type":"ListItem","position":2,"name":"Startseite"}]},{"@type":"WebSite","@id":"https:\/\/boxbarrier.com\/#website","url":"https:\/\/boxbarrier.com\/","name":"BoxBarrier","description":"Flood Barrier: Temporary Flood Defence System","potentialAction":[{"@type":"SearchAction","target":{"@type":"EntryPoint","urlTemplate":"https:\/\/boxbarrier.com\/?s={search_term_string}"},"query-input":{"@type":"PropertyValueSpecification","valueRequired":true,"valueName":"search_term_string"}}],"inLanguage":"en-US"}]}},"_links":{"self":[{"href":"https:\/\/boxbarrier.com\/index.php?rest_route=\/wp\/v2\/pages\/239031","targetHints":{"allow":["GET"]}}],"collection":[{"href":"https:\/\/boxbarrier.com\/index.php?rest_route=\/wp\/v2\/pages"}],"about":[{"href":"https:\/\/boxbarrier.com\/index.php?rest_route=\/wp\/v2\/types\/page"}],"author":[{"embeddable":true,"href":"https:\/\/boxbarrier.com\/index.php?rest_route=\/wp\/v2\/users\/1"}],"replies":[{"embeddable":true,"href":"https:\/\/boxbarrier.com\/index.php?rest_route=%2Fwp%2Fv2%2Fcomments&post=239031"}],"version-history":[{"count":10,"href":"https:\/\/boxbarrier.com\/index.php?rest_route=\/wp\/v2\/pages\/239031\/revisions"}],"predecessor-version":[{"id":239347,"href":"https:\/\/boxbarrier.com\/index.php?rest_route=\/wp\/v2\/pages\/239031\/revisions\/239347"}],"wp:attachment":[{"href":"https:\/\/boxbarrier.com\/index.php?rest_route=%2Fwp%2Fv2%2Fmedia&parent=239031"}],"curies":[{"name":"wp","href":"https:\/\/api.w.org\/{rel}","templated":true}]}}