{"id":239034,"date":"2021-10-17T16:55:10","date_gmt":"2021-10-17T16:55:10","guid":{"rendered":"https:\/\/boxbarrier.com\/?page_id=239034"},"modified":"2026-03-07T08:48:58","modified_gmt":"2026-03-07T08:48:58","slug":"home","status":"publish","type":"page","link":"https:\/\/boxbarrier.com\/?page_id=239034&lang=es","title":{"rendered":"Home"},"content":{"rendered":"<p>[et_pb_section fb_built=&#8221;1&#8243; fullwidth=&#8221;on&#8221; _builder_version=&#8221;4.16&#8243; _module_preset=&#8221;default&#8221; background_enable_color=&#8221;off&#8221; background_image=&#8221;https:\/\/boxbarrier.com\/wp-content\/uploads\/2021\/09\/BANNER1-Opening-Flood-Proof-Holland-2-2.jpg&#8221; custom_margin=&#8221;||||false|false&#8221; custom_padding=&#8221;||||false|false&#8221; global_colors_info=&#8221;{}&#8221;][et_pb_fullwidth_header title=&#8221;Barrera contra inundaciones eficaz para evitar da\u00f1os&#8221; text_orientation=&#8221;center&#8221; button_one_text=&#8221;Leer m\u00e1s&#8221; button_one_url=&#8221;@ET-DC@eyJkeW5hbWljIjp0cnVlLCJjb250ZW50IjoicG9zdF9saW5rX3VybF9wYWdlIiwic2V0dGluZ3MiOnsicG9zdF9pZCI6IjEyNSJ9fQ==@&#8221; _builder_version=&#8221;4.16&#8243; _dynamic_attributes=&#8221;button_one_url&#8221; _module_preset=&#8221;default&#8221; background_color=&#8221;rgba(40,41,41,0.46)&#8221; custom_button_one=&#8221;on&#8221; button_one_letter_spacing=&#8221;2px&#8221; button_one_custom_padding=&#8221;7px||||false|false&#8221; custom_margin=&#8221;||||false|false&#8221; custom_padding=&#8221;100px||100px||false|false&#8221; custom_padding_tablet=&#8221;&#8221; custom_padding_phone=&#8221;50px||50px||false|false&#8221; custom_padding_last_edited=&#8221;on|phone&#8221; global_colors_info=&#8221;{}&#8221;]<\/p>\n<p><span>BoxBarrier\u00ae &#8211; Un nuevo sistema temporal contra inundaciones, caracterizado por su simplicidad<\/span><\/p>\n<p>[\/et_pb_fullwidth_header][\/et_pb_section][et_pb_section fb_built=&#8221;1&#8243; _builder_version=&#8221;4.16&#8243; _module_preset=&#8221;default&#8221; background_enable_color=&#8221;off&#8221; global_colors_info=&#8221;{}&#8221;][et_pb_row column_structure=&#8221;1_3,1_3,1_3&#8243; _builder_version=&#8221;4.16&#8243; _module_preset=&#8221;default&#8221; global_colors_info=&#8221;{}&#8221;][et_pb_column type=&#8221;1_3&#8243; _builder_version=&#8221;4.16&#8243; _module_preset=&#8221;default&#8221; global_colors_info=&#8221;{}&#8221;][et_pb_blurb title=&#8221;Nuestro Producto&#8221; image=&#8221;https:\/\/boxbarrier.com\/wp-content\/uploads\/2021\/09\/BoxBarrier_HetProduct_2.jpg&#8221; icon_alignment=&#8221;left&#8221; content_max_width=&#8221;100%&#8221; _builder_version=&#8221;4.16&#8243; _module_preset=&#8221;default&#8221; custom_margin=&#8221;||12px||false|false&#8221; border_radii_image=&#8221;on|5px|5px|5px|5px&#8221; border_color_all_image=&#8221;rgba(238,238,238,0.17)&#8221; global_colors_info=&#8221;{}&#8221;]<\/p>\n<p><span>BoxBarrier\u00ae es un sistema muy efectivo de defensa temporal contra inundaciones, el cual se puede utilizar temporalmente para el recrecimiento de los diques, o para construir una barrera sobre un terreno llano.<\/span><\/p>\n<p>[\/et_pb_blurb][et_pb_button button_url=&#8221;@ET-DC@eyJkeW5hbWljIjp0cnVlLCJjb250ZW50IjoicG9zdF9saW5rX3VybF9wYWdlIiwic2V0dGluZ3MiOnsicG9zdF9pZCI6IjEyNSJ9fQ==@&#8221; button_text=&#8221;Leer m\u00e1s&#8221; _builder_version=&#8221;4.16&#8243; _dynamic_attributes=&#8221;button_url&#8221; _module_preset=&#8221;default&#8221; custom_button=&#8221;on&#8221; button_text_color=&#8221;#ffffff&#8221; button_bg_color=&#8221;#59C4E7&#8243; button_letter_spacing=&#8221;2px&#8221; button_font=&#8221;||||||||&#8221; button_use_icon=&#8221;off&#8221; custom_margin=&#8221;||||false|false&#8221; custom_padding=&#8221;7px||||false|false&#8221; global_colors_info=&#8221;{}&#8221;][\/et_pb_button][\/et_pb_column][et_pb_column type=&#8221;1_3&#8243; _builder_version=&#8221;4.16&#8243; _module_preset=&#8221;default&#8221; global_colors_info=&#8221;{}&#8221;][et_pb_blurb title=&#8221;Aplicaciones&#8221; image=&#8221;https:\/\/boxbarrier.com\/wp-content\/uploads\/2021\/09\/BoxBarrier_HetProduct_3.jpg&#8221; icon_alignment=&#8221;left&#8221; content_max_width=&#8221;100%&#8221; _builder_version=&#8221;4.16&#8243; _module_preset=&#8221;default&#8221; custom_margin=&#8221;||12px||false|false&#8221; custom_padding=&#8221;||||false|false&#8221; border_radii_image=&#8221;on|5px|5px|5px|5px&#8221; global_colors_info=&#8221;{}&#8221;]<\/p>\n<p><span>BoxBarrier\u00ae es un sistema multifuncional y se puede utilizar para diferentes aplicaciones, como barrera contra inundaciones para diques y motas,<\/span>para infraestructura vitales, en viviendas, en \u00e1reas urbanas, aplicaci\u00f3n como dep\u00f3sito (temporal).<\/p>\n<p>[\/et_pb_blurb][et_pb_button button_url=&#8221;@ET-DC@eyJkeW5hbWljIjp0cnVlLCJjb250ZW50IjoicG9zdF9saW5rX3VybF9wYWdlIiwic2V0dGluZ3MiOnsicG9zdF9pZCI6IjE5NiJ9fQ==@&#8221; button_text=&#8221;Leer m\u00e1s&#8221; _builder_version=&#8221;4.16&#8243; _dynamic_attributes=&#8221;button_url&#8221; _module_preset=&#8221;default&#8221; custom_button=&#8221;on&#8221; button_text_color=&#8221;#ffffff&#8221; button_bg_color=&#8221;#59C4E7&#8243; button_letter_spacing=&#8221;2px&#8221; button_font=&#8221;||||||||&#8221; button_use_icon=&#8221;off&#8221; custom_margin=&#8221;||||false|false&#8221; custom_padding=&#8221;7px||||false|false&#8221; global_colors_info=&#8221;{}&#8221;][\/et_pb_button][\/et_pb_column][et_pb_column type=&#8221;1_3&#8243; _builder_version=&#8221;4.16&#8243; _module_preset=&#8221;default&#8221; global_colors_info=&#8221;{}&#8221;][et_pb_blurb title=&#8221;Comparaci\u00f3n&#8221; image=&#8221;https:\/\/boxbarrier.com\/wp-content\/uploads\/2021\/09\/BoxBarrier_HetProduct.jpg&#8221; icon_alignment=&#8221;left&#8221; content_max_width=&#8221;100%&#8221; _builder_version=&#8221;4.16&#8243; _module_preset=&#8221;default&#8221; custom_margin=&#8221;||12px||false|false&#8221; border_radii_image=&#8221;on|5px|5px|5px|5px&#8221; global_colors_info=&#8221;{}&#8221;]<\/p>\n<p><span>Nosotros hemos creado una amplia comparaci\u00f3n entre diferentes sistemas de defensa contra inundaciones. Encuentre los m\u00e1s relevantes sistemas de defensa contra inundaciones en segundos y descubra las ventajas de BoxBarrier\u00ae.<\/span><\/p>\n<p>[\/et_pb_blurb][et_pb_button button_url=&#8221;@ET-DC@eyJkeW5hbWljIjp0cnVlLCJjb250ZW50IjoicG9zdF9saW5rX3VybF9wYWdlIiwic2V0dGluZ3MiOnsicG9zdF9pZCI6IjE4OCJ9fQ==@&#8221; button_text=&#8221;Leer m\u00e1s&#8221; _builder_version=&#8221;4.16&#8243; _dynamic_attributes=&#8221;button_url&#8221; _module_preset=&#8221;default&#8221; custom_button=&#8221;on&#8221; button_text_color=&#8221;#ffffff&#8221; button_bg_color=&#8221;#59C4E7&#8243; button_letter_spacing=&#8221;2px&#8221; button_font=&#8221;||||||||&#8221; button_use_icon=&#8221;off&#8221; custom_padding=&#8221;7px||||false|false&#8221; global_colors_info=&#8221;{}&#8221;][\/et_pb_button][\/et_pb_column][\/et_pb_row][\/et_pb_section][et_pb_section fb_built=&#8221;1&#8243; _builder_version=&#8221;4.16&#8243; _module_preset=&#8221;default&#8221; background_color=&#8221;#EEEEEE&#8221; global_colors_info=&#8221;{}&#8221;][et_pb_row column_structure=&#8221;3_5,2_5&#8243; _builder_version=&#8221;4.16&#8243; _module_preset=&#8221;default&#8221; global_colors_info=&#8221;{}&#8221;][et_pb_column type=&#8221;3_5&#8243; _builder_version=&#8221;4.16&#8243; _module_preset=&#8221;default&#8221; global_colors_info=&#8221;{}&#8221;][et_pb_video src=&#8221;%22https:\/\/youtu.be\/oIcUGEjQIsA%22&#8243; _builder_version=&#8221;4.16&#8243; _module_preset=&#8221;%22default%22&#8243; border_radii=&#8221;%22on|5px|5px|5px|5px%22&#8243; global_colors_info=&#8221;%22{}%22&#8243;][\/et_pb_video][\/et_pb_column][et_pb_column type=&#8221;2_5&#8243; _builder_version=&#8221;4.16&#8243; _module_preset=&#8221;default&#8221; global_colors_info=&#8221;{}&#8221;][et_pb_text _builder_version=&#8221;4.16&#8243; _module_preset=&#8221;default&#8221; global_colors_info=&#8221;{}&#8221;]<\/p>\n<h4><span><\/span>BoxBarrier<\/h4>\n<p><span>El concepto del BoxBarrier\u00ae est\u00e1 caracterizado por la sencillez, dado que se utiliza su oponente: reteniendo el agua con agua.<\/span><\/p>\n<p><span>Ver demostraciones y pruebas del sistema de control contra inundaciones BoxBarrier\u00ae en diferentes situaciones.<\/span><\/p>\n<p>[\/et_pb_text][\/et_pb_column][\/et_pb_row][\/et_pb_section][et_pb_section fb_built=&#8221;1&#8243; _builder_version=&#8221;4.16&#8243; _module_preset=&#8221;default&#8221; global_colors_info=&#8221;{}&#8221;][et_pb_row column_structure=&#8221;1_3,1_3,1_3&#8243; _builder_version=&#8221;4.16&#8243; _module_preset=&#8221;default&#8221; global_colors_info=&#8221;{}&#8221;][et_pb_column type=&#8221;1_3&#8243; _builder_version=&#8221;4.16&#8243; _module_preset=&#8221;default&#8221; global_colors_info=&#8221;{}&#8221;][et_pb_blurb title=&#8221;Almacenamiento eficiente&#8221; use_icon=&#8221;on&#8221; font_icon=&#8221;&#x5a;||divi||400&#8243; icon_color=&#8221;#59C4E7&#8243; icon_placement=&#8221;left&#8221; _builder_version=&#8221;4.16&#8243; _module_preset=&#8221;default&#8221; global_colors_info=&#8221;{}&#8221;]<\/p>\n<p><span>El dise\u00f1o compacto y apilabilidad facilita un almacenamiento eficiente y un transporte f\u00e1cil que hace de BoxBarrier\u00ae uno de lo m\u00e1s eficientes sistemas de control de inundaci\u00f3n. BoxBarrier\u00ae se puede apilar hasta 20 unidades y almacenar al aire libre. <\/span><\/p>\n<p>[\/et_pb_blurb][\/et_pb_column][et_pb_column type=&#8221;1_3&#8243; _builder_version=&#8221;4.16&#8243; _module_preset=&#8221;default&#8221; global_colors_info=&#8221;{}&#8221;][et_pb_blurb title=&#8221;Transporte f\u00e1cil&#8221; use_icon=&#8221;on&#8221; font_icon=&#8221;&#x5a;||divi||400&#8243; icon_color=&#8221;#59C4E7&#8243; icon_placement=&#8221;left&#8221; _builder_version=&#8221;4.16&#8243; _module_preset=&#8221;default&#8221; global_colors_info=&#8221;{}&#8221;]<\/p>\n<p><span>Dado que BoxBarrier\u00ae es ligero y contiene el agua con agua, el transporte de BoxBarrier\u00ae se puede hacer con veh\u00edculo ligero, como un quad con remolque o una embarcaci\u00f3n ligera. Esta es la raz\u00f3n por la que BoxBarrier\u00ae es ideal <\/span>tambi\u00e9n como barrera contra inundaci\u00f3n de viviendas<span>.<\/span><\/p>\n<p>[\/et_pb_blurb][\/et_pb_column][et_pb_column type=&#8221;1_3&#8243; _builder_version=&#8221;4.16&#8243; _module_preset=&#8221;default&#8221; global_colors_info=&#8221;{}&#8221;][et_pb_blurb title=&#8221;Instalaci\u00f3n r\u00e1pida y f\u00e1cil&#8221; use_icon=&#8221;on&#8221; font_icon=&#8221;&#x5a;||divi||400&#8243; icon_color=&#8221;#59C4E7&#8243; icon_placement=&#8221;left&#8221; _builder_version=&#8221;4.16&#8243; _module_preset=&#8221;default&#8221; global_colors_info=&#8221;{}&#8221;]<\/p>\n<p><span>La velocidad de instalaci\u00f3n del sistema BoxBarrier\u00ae es de 100m. por hora con un equipo de 3 personas. El agua se puede bombear dentro del contenedor BoxBarrier\u00ae utilizando una bomba sencilla: se pueden rellenar 100m. de BoxBarrier\u00ae en una hora con una bomba de 30m\u00b3\/hora. <a href=\"%22#%22\"><\/a><\/span><\/p>\n<p>[\/et_pb_blurb][\/et_pb_column][\/et_pb_row][\/et_pb_section][et_pb_section fb_built=&#8221;1&#8243; _builder_version=&#8221;4.16&#8243; _module_preset=&#8221;default&#8221; background_image=&#8221;https:\/\/boxbarrier.com\/wp-content\/uploads\/2021\/09\/flood-protection-boxbarrier-zwijndrecht-2.jpg&#8221; min_height=&#8221;300px&#8221; global_colors_info=&#8221;{}&#8221;][\/et_pb_section]<\/p>\n","protected":false},"excerpt":{"rendered":"<p>BoxBarrier\u00ae &#8211; Un nuevo sistema temporal contra inundaciones, caracterizado por su simplicidadBoxBarrier\u00ae es un sistema muy efectivo de defensa temporal contra inundaciones, el cual se puede utilizar temporalmente para el recrecimiento de los diques, o para construir una barrera sobre un terreno llano.BoxBarrier\u00ae es un sistema multifuncional y se puede utilizar para diferentes aplicaciones, como [&hellip;]<\/p>\n","protected":false},"author":1,"featured_media":0,"parent":0,"menu_order":0,"comment_status":"closed","ping_status":"closed","template":"","meta":{"_et_pb_use_builder":"on","_et_pb_old_content":"","_et_gb_content_width":"","footnotes":""},"class_list":["post-239034","page","type-page","status-publish","hentry"],"yoast_head":"<!-- This site is optimized with the Yoast SEO plugin v27.1.1 - https:\/\/yoast.com\/product\/yoast-seo-wordpress\/ -->\n<title>BoxBarrier\u00ae - Agua versus agua<\/title>\n<meta name=\"description\" content=\"BoxBarrier\u00ae - Un nuevo sistema temporal contra inundaciones, caracterizado por su simplicidad El sistema crea protecci\u00f3n mediante el uso de su oponente, el agua, para retener altas inundaciones y desbordes de olas.\" \/>\n<meta name=\"robots\" content=\"noindex, follow, max-snippet:-1, max-image-preview:large, max-video-preview:-1\" \/>\n<meta property=\"og:locale\" content=\"en_US\" \/>\n<meta property=\"og:type\" content=\"article\" \/>\n<meta property=\"og:title\" content=\"BoxBarrier\u00ae - Agua versus agua\" \/>\n<meta property=\"og:description\" content=\"BoxBarrier\u00ae - Un nuevo sistema temporal contra inundaciones, caracterizado por su simplicidad El sistema crea protecci\u00f3n mediante el uso de su oponente, el agua, para retener altas inundaciones y desbordes de olas.\" \/>\n<meta property=\"og:url\" content=\"https:\/\/boxbarrier.com\/?page_id=239034&amp;lang=es\" \/>\n<meta property=\"og:site_name\" content=\"BoxBarrier\" \/>\n<meta property=\"article:modified_time\" content=\"2026-03-07T08:48:58+00:00\" \/>\n<meta name=\"twitter:card\" content=\"summary_large_image\" \/>\n<meta name=\"twitter:label1\" content=\"Est. reading time\" \/>\n\t<meta name=\"twitter:data1\" content=\"6 minutes\" \/>\n<script type=\"application\/ld+json\" class=\"yoast-schema-graph\">{\"@context\":\"https:\/\/schema.org\",\"@graph\":[{\"@type\":\"WebPage\",\"@id\":\"https:\/\/boxbarrier.com\/?page_id=239034&lang=es\",\"url\":\"https:\/\/boxbarrier.com\/?page_id=239034&lang=es\",\"name\":\"BoxBarrier\u00ae - Agua versus agua\",\"isPartOf\":{\"@id\":\"https:\/\/boxbarrier.com\/#website\"},\"datePublished\":\"2021-10-17T16:55:10+00:00\",\"dateModified\":\"2026-03-07T08:48:58+00:00\",\"description\":\"BoxBarrier\u00ae - Un nuevo sistema temporal contra inundaciones, caracterizado por su simplicidad El sistema crea protecci\u00f3n mediante el uso de su oponente, el agua, para retener altas inundaciones y desbordes de olas.\",\"breadcrumb\":{\"@id\":\"https:\/\/boxbarrier.com\/?page_id=239034&lang=es#breadcrumb\"},\"inLanguage\":\"en-US\",\"potentialAction\":[{\"@type\":\"ReadAction\",\"target\":[\"https:\/\/boxbarrier.com\/?page_id=239034&lang=es\"]}]},{\"@type\":\"BreadcrumbList\",\"@id\":\"https:\/\/boxbarrier.com\/?page_id=239034&lang=es#breadcrumb\",\"itemListElement\":[{\"@type\":\"ListItem\",\"position\":1,\"name\":\"Home\",\"item\":\"https:\/\/boxbarrier.com\/\"},{\"@type\":\"ListItem\",\"position\":2,\"name\":\"Home\"}]},{\"@type\":\"WebSite\",\"@id\":\"https:\/\/boxbarrier.com\/#website\",\"url\":\"https:\/\/boxbarrier.com\/\",\"name\":\"BoxBarrier\",\"description\":\"Flood Barrier: Temporary Flood Defence System\",\"potentialAction\":[{\"@type\":\"SearchAction\",\"target\":{\"@type\":\"EntryPoint\",\"urlTemplate\":\"https:\/\/boxbarrier.com\/?s={search_term_string}\"},\"query-input\":{\"@type\":\"PropertyValueSpecification\",\"valueRequired\":true,\"valueName\":\"search_term_string\"}}],\"inLanguage\":\"en-US\"}]}<\/script>\n<!-- \/ Yoast SEO plugin. -->","yoast_head_json":{"title":"BoxBarrier\u00ae - Agua versus agua","description":"BoxBarrier\u00ae - Un nuevo sistema temporal contra inundaciones, caracterizado por su simplicidad El sistema crea protecci\u00f3n mediante el uso de su oponente, el agua, para retener altas inundaciones y desbordes de olas.","robots":{"index":"noindex","follow":"follow","max-snippet":"max-snippet:-1","max-image-preview":"max-image-preview:large","max-video-preview":"max-video-preview:-1"},"og_locale":"en_US","og_type":"article","og_title":"BoxBarrier\u00ae - Agua versus agua","og_description":"BoxBarrier\u00ae - Un nuevo sistema temporal contra inundaciones, caracterizado por su simplicidad El sistema crea protecci\u00f3n mediante el uso de su oponente, el agua, para retener altas inundaciones y desbordes de olas.","og_url":"https:\/\/boxbarrier.com\/?page_id=239034&lang=es","og_site_name":"BoxBarrier","article_modified_time":"2026-03-07T08:48:58+00:00","twitter_card":"summary_large_image","twitter_misc":{"Est. reading time":"6 minutes"},"schema":{"@context":"https:\/\/schema.org","@graph":[{"@type":"WebPage","@id":"https:\/\/boxbarrier.com\/?page_id=239034&lang=es","url":"https:\/\/boxbarrier.com\/?page_id=239034&lang=es","name":"BoxBarrier\u00ae - Agua versus agua","isPartOf":{"@id":"https:\/\/boxbarrier.com\/#website"},"datePublished":"2021-10-17T16:55:10+00:00","dateModified":"2026-03-07T08:48:58+00:00","description":"BoxBarrier\u00ae - Un nuevo sistema temporal contra inundaciones, caracterizado por su simplicidad El sistema crea protecci\u00f3n mediante el uso de su oponente, el agua, para retener altas inundaciones y desbordes de olas.","breadcrumb":{"@id":"https:\/\/boxbarrier.com\/?page_id=239034&lang=es#breadcrumb"},"inLanguage":"en-US","potentialAction":[{"@type":"ReadAction","target":["https:\/\/boxbarrier.com\/?page_id=239034&lang=es"]}]},{"@type":"BreadcrumbList","@id":"https:\/\/boxbarrier.com\/?page_id=239034&lang=es#breadcrumb","itemListElement":[{"@type":"ListItem","position":1,"name":"Home","item":"https:\/\/boxbarrier.com\/"},{"@type":"ListItem","position":2,"name":"Home"}]},{"@type":"WebSite","@id":"https:\/\/boxbarrier.com\/#website","url":"https:\/\/boxbarrier.com\/","name":"BoxBarrier","description":"Flood Barrier: Temporary Flood Defence System","potentialAction":[{"@type":"SearchAction","target":{"@type":"EntryPoint","urlTemplate":"https:\/\/boxbarrier.com\/?s={search_term_string}"},"query-input":{"@type":"PropertyValueSpecification","valueRequired":true,"valueName":"search_term_string"}}],"inLanguage":"en-US"}]}},"_links":{"self":[{"href":"https:\/\/boxbarrier.com\/index.php?rest_route=\/wp\/v2\/pages\/239034","targetHints":{"allow":["GET"]}}],"collection":[{"href":"https:\/\/boxbarrier.com\/index.php?rest_route=\/wp\/v2\/pages"}],"about":[{"href":"https:\/\/boxbarrier.com\/index.php?rest_route=\/wp\/v2\/types\/page"}],"author":[{"embeddable":true,"href":"https:\/\/boxbarrier.com\/index.php?rest_route=\/wp\/v2\/users\/1"}],"replies":[{"embeddable":true,"href":"https:\/\/boxbarrier.com\/index.php?rest_route=%2Fwp%2Fv2%2Fcomments&post=239034"}],"version-history":[{"count":10,"href":"https:\/\/boxbarrier.com\/index.php?rest_route=\/wp\/v2\/pages\/239034\/revisions"}],"predecessor-version":[{"id":239348,"href":"https:\/\/boxbarrier.com\/index.php?rest_route=\/wp\/v2\/pages\/239034\/revisions\/239348"}],"wp:attachment":[{"href":"https:\/\/boxbarrier.com\/index.php?rest_route=%2Fwp%2Fv2%2Fmedia&parent=239034"}],"curies":[{"name":"wp","href":"https:\/\/api.w.org\/{rel}","templated":true}]}}