{"id":239100,"date":"2021-10-23T10:48:31","date_gmt":"2021-10-23T10:48:31","guid":{"rendered":"https:\/\/boxbarrier.com\/?page_id=239100"},"modified":"2021-10-29T16:49:58","modified_gmt":"2021-10-29T16:49:58","slug":"einsatzbereiche","status":"publish","type":"page","link":"https:\/\/boxbarrier.com\/?page_id=239100&lang=de","title":{"rendered":"Einsatzbereiche"},"content":{"rendered":"<p>[et_pb_section fb_built=&#8221;1&#8243; _builder_version=&#8221;4.10.7&#8243; _module_preset=&#8221;default&#8221; background_color=&#8221;#EEEEEE&#8221; custom_margin=&#8221;||||false|false&#8221; custom_padding=&#8221;30px||30px||false|false&#8221; global_colors_info=&#8221;{}&#8221;][et_pb_row _builder_version=&#8221;4.10.7&#8243; _module_preset=&#8221;default&#8221; global_colors_info=&#8221;{}&#8221;][et_pb_column type=&#8221;4_4&#8243; _builder_version=&#8221;4.10.7&#8243; _module_preset=&#8221;default&#8221; global_colors_info=&#8221;{}&#8221;][et_pb_text _builder_version=&#8221;4.11.3&#8243; _module_preset=&#8221;default&#8221; text_text_color=&#8221;#59C4E7&#8243; header_text_color=&#8221;#59C4E7&#8243; header_4_text_color=&#8221;#282929&#8243; global_colors_info=&#8221;{}&#8221;]<\/p>\n<h1 center=\"\" 22=\"\" style=\"text-align: center;\">Einsatzbereiche<\/h1>\n<h4 center=\"\" 22=\"\" style=\"text-align: center;\">Die <span>BoxBarrier<\/span><span>\u00ae<\/span> <span>eignet sich f\u00fcr diverse Randbedingungen<\/span><\/h4>\n<p>[\/et_pb_text][\/et_pb_column][\/et_pb_row][et_pb_row column_structure=&#8221;3_5,2_5&#8243; _builder_version=&#8221;4.10.7&#8243; _module_preset=&#8221;default&#8221; global_colors_info=&#8221;{}&#8221;][et_pb_column type=&#8221;3_5&#8243; _builder_version=&#8221;4.10.7&#8243; _module_preset=&#8221;default&#8221; global_colors_info=&#8221;{}&#8221;][et_pb_accordion open_toggle_text_color=&#8221;#59C4E7&#8243; open_toggle_background_color=&#8221;#ffffff&#8221; closed_toggle_background_color=&#8221;#ffffff&#8221; icon_color=&#8221;#59C4E7&#8243; _builder_version=&#8221;4.10.7&#8243; _module_preset=&#8221;default&#8221; toggle_text_color=&#8221;#282929&#8243; border_radii=&#8221;on|5px|5px|5px|5px&#8221; global_colors_info=&#8221;{}&#8221;][et_pb_accordion_item title=&#8221;Hochwasserschutzanlagen, wie Deiche und D\u00e4mme&#8221; open=&#8221;on&#8221; _builder_version=&#8221;4.10.7&#8243; _module_preset=&#8221;default&#8221; global_colors_info=&#8221;{}&#8221;]<\/p>\n<p><span>\u00dcberschwemmungen treten auf wenn Vorfluter wie Seen, Fl\u00fcsse und Kan\u00e4le die enormen Mengen Schmelzwasser oder intensive Niederschl\u00e4ge in bestimmten Gebieten nicht mehr abf\u00fchren k\u00f6nnen. In der Regel sind die gef\u00e4hrdeten Flussstrecken und Kan\u00e4le beidseitig mit Deichen oder D\u00e4mmen abgesichert, um das Hinterland vor \u00dcberstr\u00f6mung zu sch\u00fctzen. Wenn jedoch die Abflussmengen durch Schmelzwasser oder Niederschlag sehr stark ansteigen, kann es vorkommen, dass die H\u00f6he des Deichs oder Damms nicht ausreicht und somit eine tempor\u00e4re Erh\u00f6hung erforderlich ist, um eine \u00dcberschwemmung des Hinterlandes zu vermeiden.  <\/span><\/p>\n<p>[\/et_pb_accordion_item][et_pb_accordion_item title=&#8221;Schutz von Infrastrukturobjekten&#8221; _builder_version=&#8221;4.10.7&#8243; _module_preset=&#8221;default&#8221; global_colors_info=&#8221;{}&#8221; open=&#8221;off&#8221;]<\/p>\n<p><span>Die Verkehrs-Infrastruktur ist ein lebenswichtiger Faktor f\u00fcr die Wirtschaft, weshalb Flugh\u00e4fen, Autobahnen und Bahngleise jederzeit vom Hochwasser frei gehalten werden m\u00fcssen.<\/span><\/p>\n<p>[\/et_pb_accordion_item][et_pb_accordion_item title=&#8221;Schutz von Immobilien&#8221; _builder_version=&#8221;4.10.7&#8243; _module_preset=&#8221;default&#8221; global_colors_info=&#8221;{}&#8221; open=&#8221;off&#8221;]<\/p>\n<p>Firmen und Hausbewohner k\u00f6nnen ihre Immobilien vor Hochwasser sch\u00fctzen, indem sie die BoxBarrier um Ihre Geb\u00e4ude herum installieren. Das BoxBarrier System und eine mobile Pumpe k\u00f6nnen praktisch in oder neben dem Geb\u00e4ude sowie in einer nahegelegenen Garage (o.\u00e4.) gelagert werden. <\/p>\n<p>Neben Privatbesitz, ist nat\u00fcrlich auch der Schutz \u00f6ffentlicher Geb\u00e4ude, wie Rath\u00e4user, Bibliotheken, Schulen, Verwaltungen oder Kulturg\u00fcter wie Museen, Galerien, Kirchen, Schl\u00f6sser und andere Liegenschaften mit der BoxBarrier zu realisieren. Die BoxBarrier\u00ae eignet sich zum Schutz von H\u00e4usern und anderen Immobilien.<\/p>\n<p>[\/et_pb_accordion_item][et_pb_accordion_item title=&#8221;Schutz von gef\u00e4hrdeten Stadtgebieten&#8221; _builder_version=&#8221;4.10.7&#8243; _module_preset=&#8221;default&#8221; global_colors_info=&#8221;{}&#8221; open=&#8221;off&#8221;]<\/p>\n<p><span>Vor allem in Stadtgebieten k\u00f6nnen starke Regenf\u00e4lle zu \u00dcberschwemmungen f\u00fchren, da in der Regel gro\u00dfe Fl\u00e4chen versiegelt sind und das Kanalisationssystem \u00fcbersch\u00fcssiges Wasser nicht ableiten kann. In solchen F\u00e4llen k\u00f6nnen Wohnh\u00e4user, Gesch\u00e4fte und Betriebe durch Installation des BoxBarrier\u00ae Systems gesch\u00fctzt werden. <\/span><\/p>\n<p>[\/et_pb_accordion_item][et_pb_accordion_item title=&#8221;Anwendung als (tempor\u00e4res) R\u00fcckhaltebecken&#8221; _builder_version=&#8221;4.10.7&#8243; _module_preset=&#8221;default&#8221; global_colors_info=&#8221;{}&#8221; open=&#8221;off&#8221;]<\/p>\n<p><span>Die BoxBarrier\u00ae k\u00f6nnen verwendet werden um (tempor\u00e4r) ein R\u00fcckhaltebecken zu schaffen. Dieses kann genutzt werden um S\u00fc\u00df- oder Salzwasser, sowie (kontaminiertes) Wasser aus Nassbaggerarbeiten oder andere (halb-) feste Materialien zur\u00fcckzuhalten. In dem R\u00fcckhaltebecken k\u00f6nnen auch andere Fl\u00fcssigkeiten gespeichert werden. BoxBarrier\u00ae k\u00f6nnen auch in Kombination mit einer Membran verwendet werden.  <\/span><\/p>\n<p>[\/et_pb_accordion_item][\/et_pb_accordion][\/et_pb_column][et_pb_column type=&#8221;2_5&#8243; _builder_version=&#8221;4.10.7&#8243; _module_preset=&#8221;default&#8221; global_colors_info=&#8221;{}&#8221;][et_pb_image src=&#8221;https:\/\/boxbarrier.com\/wp-content\/uploads\/2021\/09\/BoxBarrier_InARow.jpg&#8221; title_text=&#8221;BoxBarrier_InARow&#8221; _builder_version=&#8221;4.11.2&#8243; _module_preset=&#8221;default&#8221; border_radii=&#8221;on|5px|5px|5px|5px&#8221; global_colors_info=&#8221;{}&#8221;][\/et_pb_image][et_pb_image src=&#8221;https:\/\/boxbarrier.com\/wp-content\/uploads\/2021\/10\/Zwijndrecht_format.jpg&#8221; title_text=&#8221;Zwijndrecht_format&#8221; _builder_version=&#8221;4.11.2&#8243; _module_preset=&#8221;default&#8221; border_radii=&#8221;on|5px|5px|5px|5px&#8221; global_colors_info=&#8221;{}&#8221;][\/et_pb_image][\/et_pb_column][\/et_pb_row][\/et_pb_section][et_pb_section fb_built=&#8221;1&#8243; _builder_version=&#8221;4.10.7&#8243; _module_preset=&#8221;default&#8221; background_enable_color=&#8221;off&#8221; locked=&#8221;off&#8221; global_colors_info=&#8221;{}&#8221;][et_pb_row column_structure=&#8221;1_3,1_3,1_3&#8243; _builder_version=&#8221;4.10.7&#8243; _module_preset=&#8221;default&#8221; global_colors_info=&#8221;{}&#8221;][et_pb_column type=&#8221;1_3&#8243; _builder_version=&#8221;4.10.7&#8243; _module_preset=&#8221;default&#8221; global_colors_info=&#8221;{}&#8221;][et_pb_blurb title=&#8221;Brosch\u00fcre&#8221; image=&#8221;https:\/\/boxbarrier.com\/wp-content\/uploads\/2021\/10\/Flyer_BoxBarrier.jpg&#8221; icon_alignment=&#8221;left&#8221; content_max_width=&#8221;100%&#8221; _builder_version=&#8221;4.11.3&#8243; _module_preset=&#8221;default&#8221; custom_margin=&#8221;||12px||false|false&#8221; border_radii_image=&#8221;on|5px|5px|5px|5px&#8221; border_color_all_image=&#8221;rgba(238,238,238,0.17)&#8221; global_colors_info=&#8221;{}&#8221;]<\/p>\n<p>Herunterladen der BoxBarrier-Brosch\u00fcre. <span>Die BoxBarrier sch\u00fctzt Ihren Besitz vor \u00dcberflutung und bietet die weit bessere Alternative zu den bisher verwendeten Sands\u00e4cken.<\/span><\/p>\n<p>[\/et_pb_blurb][et_pb_button url_new_window=&#8221;on&#8221; button_text=&#8221;Herunterladen&#8221; _builder_version=&#8221;4.12.0&#8243; _module_preset=&#8221;default&#8221; custom_button=&#8221;on&#8221; button_text_color=&#8221;#ffffff&#8221; button_bg_color=&#8221;#59C4E7&#8243; button_letter_spacing=&#8221;2px&#8221; button_font=&#8221;||||||||&#8221; button_use_icon=&#8221;off&#8221; custom_margin=&#8221;||||false|false&#8221; custom_padding=&#8221;7px||||false|false&#8221; hover_enabled=&#8221;0&#8243; global_colors_info=&#8221;{}&#8221; sticky_enabled=&#8221;0&#8243; button_url=&#8221;@ET-DC@eyJkeW5hbWljIjp0cnVlLCJjb250ZW50IjoicG9zdF9saW5rX3VybF9hdHRhY2htZW50Iiwic2V0dGluZ3MiOnsicG9zdF9pZCI6IjIzOTIzMiJ9fQ==@&#8221; _dynamic_attributes=&#8221;button_url&#8221;][\/et_pb_button][\/et_pb_column][et_pb_column type=&#8221;1_3&#8243; _builder_version=&#8221;4.10.7&#8243; _module_preset=&#8221;default&#8221; global_colors_info=&#8221;{}&#8221;][et_pb_blurb title=&#8221;Vergleich&#8221; image=&#8221;https:\/\/boxbarrier.com\/wp-content\/uploads\/2021\/09\/BoxBarrier_HetProduct_3.jpg&#8221; icon_alignment=&#8221;left&#8221; content_max_width=&#8221;100%&#8221; _builder_version=&#8221;4.10.7&#8243; _module_preset=&#8221;default&#8221; custom_margin=&#8221;||12px||false|false&#8221; custom_padding=&#8221;||||false|false&#8221; border_radii_image=&#8221;on|5px|5px|5px|5px&#8221; global_colors_info=&#8221;{}&#8221;]<\/p>\n<p><span>In dieser \u00dcbersicht haben wir einen umfangreichen Vergleich verschiedener Hochwasserschutzsysteme erstellt. Finden Sie innerhalb von Sekunden die relevantesten Abwehrsysteme und entdecken Sie die Vorteile der BoxBarrier.<\/span><\/p>\n<p>[\/et_pb_blurb][et_pb_button button_text=&#8221;Mehr lesen&#8221; _builder_version=&#8221;4.12.0&#8243; _module_preset=&#8221;default&#8221; custom_button=&#8221;on&#8221; button_text_color=&#8221;#ffffff&#8221; button_bg_color=&#8221;#59C4E7&#8243; button_letter_spacing=&#8221;2px&#8221; button_font=&#8221;||||||||&#8221; button_use_icon=&#8221;off&#8221; custom_margin=&#8221;||||false|false&#8221; custom_padding=&#8221;7px||||false|false&#8221; hover_enabled=&#8221;0&#8243; global_colors_info=&#8221;{}&#8221; button_url=&#8221;@ET-DC@eyJkeW5hbWljIjp0cnVlLCJjb250ZW50IjoicG9zdF9saW5rX3VybF9wYWdlIiwic2V0dGluZ3MiOnsicG9zdF9pZCI6IjIzOTA5MSJ9fQ==@&#8221; _dynamic_attributes=&#8221;button_url&#8221; sticky_enabled=&#8221;0&#8243;][\/et_pb_button][\/et_pb_column][et_pb_column type=&#8221;1_3&#8243; _builder_version=&#8221;4.10.7&#8243; _module_preset=&#8221;default&#8221; global_colors_info=&#8221;{}&#8221;][et_pb_blurb title=&#8221;Wie kaufen?&#8221; image=&#8221;https:\/\/boxbarrier.com\/wp-content\/uploads\/2021\/09\/BoxBarrier_OrderNow.jpg&#8221; icon_alignment=&#8221;left&#8221; content_max_width=&#8221;100%&#8221; _builder_version=&#8221;4.10.7&#8243; _module_preset=&#8221;default&#8221; custom_margin=&#8221;||12px||false|false&#8221; border_radii_image=&#8221;on|5px|5px|5px|5px&#8221; global_colors_info=&#8221;{}&#8221;]<\/p>\n<p><span> M\u00f6chten Sie die BoxBarrier\u00ae bestellen? Dann wenden Sie sich bitte gern an uns! F\u00fcr ein Angebot kontaktieren Sie uns bitte, indem Sie das Kontaktformular ausf\u00fcllen.<\/span><\/p>\n<p>[\/et_pb_blurb][et_pb_button button_text=&#8221;Jetzt bestellen&#8221; _builder_version=&#8221;4.12.0&#8243; _module_preset=&#8221;default&#8221; custom_button=&#8221;on&#8221; button_text_color=&#8221;#ffffff&#8221; button_bg_color=&#8221;#59C4E7&#8243; button_letter_spacing=&#8221;2px&#8221; button_font=&#8221;||||||||&#8221; button_use_icon=&#8221;off&#8221; custom_padding=&#8221;7px||||false|false&#8221; hover_enabled=&#8221;0&#8243; global_colors_info=&#8221;{}&#8221; button_url=&#8221;@ET-DC@eyJkeW5hbWljIjp0cnVlLCJjb250ZW50IjoicG9zdF9saW5rX3VybF9wYWdlIiwic2V0dGluZ3MiOnsicG9zdF9pZCI6IjIzOTA4MCJ9fQ==@&#8221; _dynamic_attributes=&#8221;button_url&#8221; sticky_enabled=&#8221;0&#8243;][\/et_pb_button][\/et_pb_column][\/et_pb_row][\/et_pb_section]<\/p>\n","protected":false},"excerpt":{"rendered":"<p>Einsatzbereiche Die BoxBarrier\u00ae eignet sich f\u00fcr diverse Randbedingungen\u00dcberschwemmungen treten auf wenn Vorfluter wie Seen, Fl\u00fcsse und Kan\u00e4le die enormen Mengen Schmelzwasser oder intensive Niederschl\u00e4ge in bestimmten Gebieten nicht mehr abf\u00fchren k\u00f6nnen. In der Regel sind die gef\u00e4hrdeten Flussstrecken und Kan\u00e4le beidseitig mit Deichen oder D\u00e4mmen abgesichert, um das Hinterland vor \u00dcberstr\u00f6mung zu sch\u00fctzen. Wenn jedoch [&hellip;]<\/p>\n","protected":false},"author":1,"featured_media":0,"parent":0,"menu_order":0,"comment_status":"closed","ping_status":"closed","template":"","meta":{"_et_pb_use_builder":"on","_et_pb_old_content":"","_et_gb_content_width":"","footnotes":""},"class_list":["post-239100","page","type-page","status-publish","hentry"],"yoast_head":"<!-- This site is optimized with the Yoast SEO plugin v27.1.1 - https:\/\/yoast.com\/product\/yoast-seo-wordpress\/ -->\n<title>Einsatz des BoxBarrier Systems<\/title>\n<meta name=\"description\" content=\"Das BoxBarrier\u00ae System eignet sich f\u00fcr unterschiedlichste Anwendungssituationen\" \/>\n<meta name=\"robots\" content=\"noindex, follow, max-snippet:-1, max-image-preview:large, max-video-preview:-1\" \/>\n<meta property=\"og:locale\" content=\"en_US\" \/>\n<meta property=\"og:type\" content=\"article\" \/>\n<meta property=\"og:title\" content=\"Einsatz des BoxBarrier Systems\" \/>\n<meta property=\"og:description\" content=\"Das BoxBarrier\u00ae System eignet sich f\u00fcr unterschiedlichste Anwendungssituationen\" \/>\n<meta property=\"og:url\" content=\"https:\/\/boxbarrier.com\/?page_id=239100&amp;lang=de\" \/>\n<meta property=\"og:site_name\" content=\"BoxBarrier\" \/>\n<meta property=\"article:modified_time\" content=\"2021-10-29T16:49:58+00:00\" \/>\n<meta name=\"twitter:card\" content=\"summary_large_image\" \/>\n<meta name=\"twitter:label1\" content=\"Est. reading time\" \/>\n\t<meta name=\"twitter:data1\" content=\"6 minutes\" \/>\n<script type=\"application\/ld+json\" class=\"yoast-schema-graph\">{\"@context\":\"https:\/\/schema.org\",\"@graph\":[{\"@type\":\"WebPage\",\"@id\":\"https:\/\/boxbarrier.com\/?page_id=239100&lang=de\",\"url\":\"https:\/\/boxbarrier.com\/?page_id=239100&lang=de\",\"name\":\"Einsatz des BoxBarrier Systems\",\"isPartOf\":{\"@id\":\"https:\/\/boxbarrier.com\/#website\"},\"datePublished\":\"2021-10-23T10:48:31+00:00\",\"dateModified\":\"2021-10-29T16:49:58+00:00\",\"description\":\"Das BoxBarrier\u00ae System eignet sich f\u00fcr unterschiedlichste Anwendungssituationen\",\"breadcrumb\":{\"@id\":\"https:\/\/boxbarrier.com\/?page_id=239100&lang=de#breadcrumb\"},\"inLanguage\":\"en-US\",\"potentialAction\":[{\"@type\":\"ReadAction\",\"target\":[\"https:\/\/boxbarrier.com\/?page_id=239100&lang=de\"]}]},{\"@type\":\"BreadcrumbList\",\"@id\":\"https:\/\/boxbarrier.com\/?page_id=239100&lang=de#breadcrumb\",\"itemListElement\":[{\"@type\":\"ListItem\",\"position\":1,\"name\":\"Home\",\"item\":\"https:\/\/boxbarrier.com\/\"},{\"@type\":\"ListItem\",\"position\":2,\"name\":\"Einsatzbereiche\"}]},{\"@type\":\"WebSite\",\"@id\":\"https:\/\/boxbarrier.com\/#website\",\"url\":\"https:\/\/boxbarrier.com\/\",\"name\":\"BoxBarrier\",\"description\":\"Flood Barrier: Temporary Flood Defence System\",\"potentialAction\":[{\"@type\":\"SearchAction\",\"target\":{\"@type\":\"EntryPoint\",\"urlTemplate\":\"https:\/\/boxbarrier.com\/?s={search_term_string}\"},\"query-input\":{\"@type\":\"PropertyValueSpecification\",\"valueRequired\":true,\"valueName\":\"search_term_string\"}}],\"inLanguage\":\"en-US\"}]}<\/script>\n<!-- \/ Yoast SEO plugin. -->","yoast_head_json":{"title":"Einsatz des BoxBarrier Systems","description":"Das BoxBarrier\u00ae System eignet sich f\u00fcr unterschiedlichste Anwendungssituationen","robots":{"index":"noindex","follow":"follow","max-snippet":"max-snippet:-1","max-image-preview":"max-image-preview:large","max-video-preview":"max-video-preview:-1"},"og_locale":"en_US","og_type":"article","og_title":"Einsatz des BoxBarrier Systems","og_description":"Das BoxBarrier\u00ae System eignet sich f\u00fcr unterschiedlichste Anwendungssituationen","og_url":"https:\/\/boxbarrier.com\/?page_id=239100&lang=de","og_site_name":"BoxBarrier","article_modified_time":"2021-10-29T16:49:58+00:00","twitter_card":"summary_large_image","twitter_misc":{"Est. reading time":"6 minutes"},"schema":{"@context":"https:\/\/schema.org","@graph":[{"@type":"WebPage","@id":"https:\/\/boxbarrier.com\/?page_id=239100&lang=de","url":"https:\/\/boxbarrier.com\/?page_id=239100&lang=de","name":"Einsatz des BoxBarrier Systems","isPartOf":{"@id":"https:\/\/boxbarrier.com\/#website"},"datePublished":"2021-10-23T10:48:31+00:00","dateModified":"2021-10-29T16:49:58+00:00","description":"Das BoxBarrier\u00ae System eignet sich f\u00fcr unterschiedlichste Anwendungssituationen","breadcrumb":{"@id":"https:\/\/boxbarrier.com\/?page_id=239100&lang=de#breadcrumb"},"inLanguage":"en-US","potentialAction":[{"@type":"ReadAction","target":["https:\/\/boxbarrier.com\/?page_id=239100&lang=de"]}]},{"@type":"BreadcrumbList","@id":"https:\/\/boxbarrier.com\/?page_id=239100&lang=de#breadcrumb","itemListElement":[{"@type":"ListItem","position":1,"name":"Home","item":"https:\/\/boxbarrier.com\/"},{"@type":"ListItem","position":2,"name":"Einsatzbereiche"}]},{"@type":"WebSite","@id":"https:\/\/boxbarrier.com\/#website","url":"https:\/\/boxbarrier.com\/","name":"BoxBarrier","description":"Flood Barrier: Temporary Flood Defence System","potentialAction":[{"@type":"SearchAction","target":{"@type":"EntryPoint","urlTemplate":"https:\/\/boxbarrier.com\/?s={search_term_string}"},"query-input":{"@type":"PropertyValueSpecification","valueRequired":true,"valueName":"search_term_string"}}],"inLanguage":"en-US"}]}},"_links":{"self":[{"href":"https:\/\/boxbarrier.com\/index.php?rest_route=\/wp\/v2\/pages\/239100","targetHints":{"allow":["GET"]}}],"collection":[{"href":"https:\/\/boxbarrier.com\/index.php?rest_route=\/wp\/v2\/pages"}],"about":[{"href":"https:\/\/boxbarrier.com\/index.php?rest_route=\/wp\/v2\/types\/page"}],"author":[{"embeddable":true,"href":"https:\/\/boxbarrier.com\/index.php?rest_route=\/wp\/v2\/users\/1"}],"replies":[{"embeddable":true,"href":"https:\/\/boxbarrier.com\/index.php?rest_route=%2Fwp%2Fv2%2Fcomments&post=239100"}],"version-history":[{"count":5,"href":"https:\/\/boxbarrier.com\/index.php?rest_route=\/wp\/v2\/pages\/239100\/revisions"}],"predecessor-version":[{"id":239280,"href":"https:\/\/boxbarrier.com\/index.php?rest_route=\/wp\/v2\/pages\/239100\/revisions\/239280"}],"wp:attachment":[{"href":"https:\/\/boxbarrier.com\/index.php?rest_route=%2Fwp%2Fv2%2Fmedia&parent=239100"}],"curies":[{"name":"wp","href":"https:\/\/api.w.org\/{rel}","templated":true}]}}