{"id":239105,"date":"2021-10-23T11:00:51","date_gmt":"2021-10-23T11:00:51","guid":{"rendered":"https:\/\/boxbarrier.com\/?page_id=239105"},"modified":"2021-10-29T16:50:59","modified_gmt":"2021-10-29T16:50:59","slug":"aplicaciones","status":"publish","type":"page","link":"https:\/\/boxbarrier.com\/?page_id=239105&lang=es","title":{"rendered":"Aplicaciones"},"content":{"rendered":"<p>[et_pb_section fb_built=&#8221;1&#8243; _builder_version=&#8221;4.10.7&#8243; _module_preset=&#8221;default&#8221; background_color=&#8221;#EEEEEE&#8221; custom_margin=&#8221;||||false|false&#8221; custom_padding=&#8221;30px||30px||false|false&#8221; global_colors_info=&#8221;{}&#8221;][et_pb_row _builder_version=&#8221;4.10.7&#8243; _module_preset=&#8221;default&#8221; global_colors_info=&#8221;{}&#8221;][et_pb_column type=&#8221;4_4&#8243; _builder_version=&#8221;4.10.7&#8243; _module_preset=&#8221;default&#8221; global_colors_info=&#8221;{}&#8221;][et_pb_text _builder_version=&#8221;4.11.3&#8243; _module_preset=&#8221;default&#8221; text_text_color=&#8221;#59C4E7&#8243; header_text_color=&#8221;#59C4E7&#8243; header_4_text_color=&#8221;#282929&#8243; global_colors_info=&#8221;{}&#8221;]<\/p>\n<h1 center=\"\" 22=\"\" style=\"text-align: center;\">Aplicaciones<\/h1>\n<h4 center=\"\" 22=\"\" style=\"text-align: center;\"><span>BoxBarrier<\/span><span>\u00ae<\/span> <span>es un sistema multifuncional y se puede utilizar para diferentes aplicaciones, como:<\/span><\/h4>\n<p>[\/et_pb_text][\/et_pb_column][\/et_pb_row][et_pb_row column_structure=&#8221;3_5,2_5&#8243; _builder_version=&#8221;4.10.7&#8243; _module_preset=&#8221;default&#8221; global_colors_info=&#8221;{}&#8221;][et_pb_column type=&#8221;3_5&#8243; _builder_version=&#8221;4.10.7&#8243; _module_preset=&#8221;default&#8221; global_colors_info=&#8221;{}&#8221;][et_pb_accordion open_toggle_text_color=&#8221;#59C4E7&#8243; open_toggle_background_color=&#8221;#ffffff&#8221; closed_toggle_background_color=&#8221;#ffffff&#8221; icon_color=&#8221;#59C4E7&#8243; _builder_version=&#8221;4.10.7&#8243; _module_preset=&#8221;default&#8221; toggle_text_color=&#8221;#282929&#8243; border_radii=&#8221;on|5px|5px|5px|5px&#8221; global_colors_info=&#8221;{}&#8221;][et_pb_accordion_item title=&#8221;Barrera contra inundaciones para diques y motas&#8221; open=&#8221;on&#8221; _builder_version=&#8221;4.10.7&#8243; _module_preset=&#8221;default&#8221; global_colors_info=&#8221;{}&#8221;]<\/p>\n<p><span>El origen de las inundaciones de un r\u00edo o canal, viene motivado por lluvias continuas o deshielo. Normalmente los r\u00edos y canales tienen riveras, muelles, diques o motas los cuales previenen los desbordamientos. En el caso de un r\u00edo crecido, la altura del dique o muelle no siempre es suficiente, siendo necesario aumentar temporalmente la altura del dique\/muelle para evitar la inundaci\u00f3n del terreno interior.  <\/span><\/p>\n<p>[\/et_pb_accordion_item][et_pb_accordion_item title=&#8221;Barrera contra inundaciones para infraestructura vitales&#8221; _builder_version=&#8221;4.10.7&#8243; _module_preset=&#8221;default&#8221; global_colors_info=&#8221;{}&#8221; open=&#8221;off&#8221;]<\/p>\n<p><span>El mantenimiento de las infraestructuras del transporte como aeropuertos, autov\u00edas y ferrocarril resulta vital para la dinamizaci\u00f3n de la econom\u00eda.<\/span><\/p>\n<p>[\/et_pb_accordion_item][et_pb_accordion_item title=&#8221;Barrera contra inundaciones en viviendas&#8221; _builder_version=&#8221;4.10.7&#8243; _module_preset=&#8221;default&#8221; global_colors_info=&#8221;{}&#8221; open=&#8221;off&#8221;]<\/p>\n<p>Propietarios de comercios y viviendas, pueden proteger su propiedad, instalando el BoxBarrier\u00ae contra inundaciones, alrededor de su propiedad. Los contenedores BoxBarrier\u00ae y una bomba m\u00f3vil se puede almacenar cerca de la propiedad. <\/p>\n<p>No solo se pueden proteger propiedades privadas, sino tambi\u00e9n inmuebles como: escuelas, librer\u00edas, museos, galer\u00edas, iglesias, castillos y otros edificios protegidos. BoxBarrier\u00ae es adecuado para proteger viviendas y otro tipo de propiedades.<\/p>\n<p>[\/et_pb_accordion_item][et_pb_accordion_item title=&#8221;Barrera contra inundaciones en \u00e1reas urbanas&#8221; _builder_version=&#8221;4.10.7&#8243; _module_preset=&#8221;default&#8221; global_colors_info=&#8221;{}&#8221; open=&#8221;off&#8221;]<\/p>\n<p><span>Especialmente en \u00e1reas urbanas, las lluvias intensas pueden llegar a causar inundaciones, dado que grandes \u00e1reas est\u00e1n pavimentadas y los sistemas de drenaje no pueden admitir el exceso de agua. Viviendas con terrazas, tiendas y otros comercios, pueden ser protegidos f\u00e1cilmente instalando el sistema BoxBarrier\u00ae. <\/span><\/p>\n<p>[\/et_pb_accordion_item][et_pb_accordion_item title=&#8221;Aplicaci\u00f3n como dep\u00f3sito (temporal)&#8221; _builder_version=&#8221;4.10.7&#8243; _module_preset=&#8221;default&#8221; global_colors_info=&#8221;{}&#8221; open=&#8221;off&#8221;]<\/p>\n<p><span>Se puede utilizar el contenedor BoxBarrier\u00ae para crear un dep\u00f3sito (temporal). El dep\u00f3sito se puede utilizar para captar agua dulce\/marina o agua (contaminada) procedente de materiales dragados o de otros materiales (semi)s\u00f3lidos. El dep\u00f3sito tambi\u00e9n es adecuado para otro tipo de l\u00edquidos. Los contenedores BoxBarrier\u00ae tambi\u00e9n se pueden utilizar en combinaci\u00f3n con una membrana.  <\/span><\/p>\n<p>[\/et_pb_accordion_item][\/et_pb_accordion][\/et_pb_column][et_pb_column type=&#8221;2_5&#8243; _builder_version=&#8221;4.10.7&#8243; _module_preset=&#8221;default&#8221; global_colors_info=&#8221;{}&#8221;][et_pb_image src=&#8221;https:\/\/boxbarrier.com\/wp-content\/uploads\/2021\/09\/BoxBarrier_InARow.jpg&#8221; title_text=&#8221;BoxBarrier_InARow&#8221; _builder_version=&#8221;4.11.2&#8243; _module_preset=&#8221;default&#8221; border_radii=&#8221;on|5px|5px|5px|5px&#8221; global_colors_info=&#8221;{}&#8221;][\/et_pb_image][et_pb_image src=&#8221;https:\/\/boxbarrier.com\/wp-content\/uploads\/2021\/10\/Zwijndrecht_format.jpg&#8221; title_text=&#8221;Zwijndrecht_format&#8221; _builder_version=&#8221;4.11.2&#8243; _module_preset=&#8221;default&#8221; border_radii=&#8221;on|5px|5px|5px|5px&#8221; global_colors_info=&#8221;{}&#8221;][\/et_pb_image][\/et_pb_column][\/et_pb_row][\/et_pb_section][et_pb_section fb_built=&#8221;1&#8243; _builder_version=&#8221;4.10.7&#8243; _module_preset=&#8221;default&#8221; background_enable_color=&#8221;off&#8221; locked=&#8221;off&#8221; global_colors_info=&#8221;{}&#8221;][et_pb_row column_structure=&#8221;1_3,1_3,1_3&#8243; _builder_version=&#8221;4.10.7&#8243; _module_preset=&#8221;default&#8221; global_colors_info=&#8221;{}&#8221;][et_pb_column type=&#8221;1_3&#8243; _builder_version=&#8221;4.10.7&#8243; _module_preset=&#8221;default&#8221; global_colors_info=&#8221;{}&#8221;][et_pb_blurb title=&#8221;El cat\u00e1logo&#8221; image=&#8221;https:\/\/boxbarrier.com\/wp-content\/uploads\/2021\/10\/Flyer_BoxBarrier.jpg&#8221; icon_alignment=&#8221;left&#8221; content_max_width=&#8221;100%&#8221; _builder_version=&#8221;4.11.3&#8243; _module_preset=&#8221;default&#8221; custom_margin=&#8221;||12px||false|false&#8221; border_radii_image=&#8221;on|5px|5px|5px|5px&#8221; border_color_all_image=&#8221;rgba(238,238,238,0.17)&#8221; global_colors_info=&#8221;{}&#8221;]<\/p>\n<p>Descarga <span>el cat\u00e1logo (en Ingl\u00e9s) de BoxBarrier\u00ae y leer m\u00e1s sobre el BoxBarrier\u00ae y control de inundaciones en general.<\/span><\/p>\n<p>[\/et_pb_blurb][et_pb_button url_new_window=&#8221;on&#8221; button_text=&#8221;Descarga&#8221; _builder_version=&#8221;4.12.0&#8243; _module_preset=&#8221;default&#8221; custom_button=&#8221;on&#8221; button_text_color=&#8221;#ffffff&#8221; button_bg_color=&#8221;#59C4E7&#8243; button_letter_spacing=&#8221;2px&#8221; button_font=&#8221;||||||||&#8221; button_use_icon=&#8221;off&#8221; custom_margin=&#8221;||||false|false&#8221; custom_padding=&#8221;7px||||false|false&#8221; hover_enabled=&#8221;0&#8243; global_colors_info=&#8221;{}&#8221; button_url=&#8221;@ET-DC@eyJkeW5hbWljIjp0cnVlLCJjb250ZW50IjoicG9zdF9saW5rX3VybF9hdHRhY2htZW50Iiwic2V0dGluZ3MiOnsicG9zdF9pZCI6IjIzOTIzMyJ9fQ==@&#8221; _dynamic_attributes=&#8221;button_url&#8221; sticky_enabled=&#8221;0&#8243;][\/et_pb_button][\/et_pb_column][et_pb_column type=&#8221;1_3&#8243; _builder_version=&#8221;4.10.7&#8243; _module_preset=&#8221;default&#8221; global_colors_info=&#8221;{}&#8221;][et_pb_blurb title=&#8221;Comparaci\u00f3n&#8221; image=&#8221;https:\/\/boxbarrier.com\/wp-content\/uploads\/2021\/09\/BoxBarrier_HetProduct_3.jpg&#8221; icon_alignment=&#8221;left&#8221; content_max_width=&#8221;100%&#8221; _builder_version=&#8221;4.10.7&#8243; _module_preset=&#8221;default&#8221; custom_margin=&#8221;||12px||false|false&#8221; custom_padding=&#8221;||||false|false&#8221; border_radii_image=&#8221;on|5px|5px|5px|5px&#8221; global_colors_info=&#8221;{}&#8221;]<\/p>\n<p><span>En este resumen nosotros hemos creado una amplia comparaci\u00f3n entre diferentes sistemas de defensa contra inundaciones. Encuentre los m\u00e1s relevantes sistemas de defensa contra inundaciones en segundos y descubra las ventajas de BoxBarrier\u00ae.<\/span><\/p>\n<p>[\/et_pb_blurb][et_pb_button button_text=&#8221;Leer m\u00e1s&#8221; _builder_version=&#8221;4.12.0&#8243; _module_preset=&#8221;default&#8221; custom_button=&#8221;on&#8221; button_text_color=&#8221;#ffffff&#8221; button_bg_color=&#8221;#59C4E7&#8243; button_letter_spacing=&#8221;2px&#8221; button_font=&#8221;||||||||&#8221; button_use_icon=&#8221;off&#8221; custom_margin=&#8221;||||false|false&#8221; custom_padding=&#8221;7px||||false|false&#8221; hover_enabled=&#8221;0&#8243; global_colors_info=&#8221;{}&#8221; button_url=&#8221;@ET-DC@eyJkeW5hbWljIjp0cnVlLCJjb250ZW50IjoicG9zdF9saW5rX3VybF9wYWdlIiwic2V0dGluZ3MiOnsicG9zdF9pZCI6IjIzOTA5NCJ9fQ==@&#8221; _dynamic_attributes=&#8221;button_url&#8221; sticky_enabled=&#8221;0&#8243;][\/et_pb_button][\/et_pb_column][et_pb_column type=&#8221;1_3&#8243; _builder_version=&#8221;4.10.7&#8243; _module_preset=&#8221;default&#8221; global_colors_info=&#8221;{}&#8221;][et_pb_blurb title=&#8221;\u00bfC\u00f3mo comprar?&#8221; image=&#8221;https:\/\/boxbarrier.com\/wp-content\/uploads\/2021\/09\/BoxBarrier_OrderNow.jpg&#8221; icon_alignment=&#8221;left&#8221; content_max_width=&#8221;100%&#8221; _builder_version=&#8221;4.10.7&#8243; _module_preset=&#8221;default&#8221; custom_margin=&#8221;||12px||false|false&#8221; border_radii_image=&#8221;on|5px|5px|5px|5px&#8221; global_colors_info=&#8221;{}&#8221;]<\/p>\n<p><span> \u00bfSe puede instalar BoxBarrier\u00ae en una zona ya inundada? Echen un vistazo c\u00f3mo se puede mantener seca su propiedad. Para una oferta por favor cont\u00e1ctenos llenando el formulario de contacto.<\/span><\/p>\n<p>[\/et_pb_blurb][et_pb_button button_text=&#8221;Compra Ahora&#8221; _builder_version=&#8221;4.12.0&#8243; _module_preset=&#8221;default&#8221; custom_button=&#8221;on&#8221; button_text_color=&#8221;#ffffff&#8221; button_bg_color=&#8221;#59C4E7&#8243; button_letter_spacing=&#8221;2px&#8221; button_font=&#8221;||||||||&#8221; button_use_icon=&#8221;off&#8221; custom_padding=&#8221;7px||||false|false&#8221; hover_enabled=&#8221;0&#8243; global_colors_info=&#8221;{}&#8221; button_url=&#8221;@ET-DC@eyJkeW5hbWljIjp0cnVlLCJjb250ZW50IjoicG9zdF9saW5rX3VybF9wYWdlIiwic2V0dGluZ3MiOnsicG9zdF9pZCI6IjIzOTA4MyJ9fQ==@&#8221; _dynamic_attributes=&#8221;button_url&#8221; sticky_enabled=&#8221;0&#8243;][\/et_pb_button][\/et_pb_column][\/et_pb_row][\/et_pb_section]<\/p>\n","protected":false},"excerpt":{"rendered":"<p>Aplicaciones BoxBarrier\u00ae es un sistema multifuncional y se puede utilizar para diferentes aplicaciones, como:El origen de las inundaciones de un r\u00edo o canal, viene motivado por lluvias continuas o deshielo. Normalmente los r\u00edos y canales tienen riveras, muelles, diques o motas los cuales previenen los desbordamientos. En el caso de un r\u00edo crecido, la altura [&hellip;]<\/p>\n","protected":false},"author":1,"featured_media":0,"parent":0,"menu_order":0,"comment_status":"closed","ping_status":"closed","template":"","meta":{"_et_pb_use_builder":"on","_et_pb_old_content":"","_et_gb_content_width":"","footnotes":""},"class_list":["post-239105","page","type-page","status-publish","hentry"],"yoast_head":"<!-- This site is optimized with the Yoast SEO plugin v27.1.1 - https:\/\/yoast.com\/product\/yoast-seo-wordpress\/ -->\n<title>BoxBarrier\u00ae, la barrera contra inundaciones para cualquier situaci\u00f3n.<\/title>\n<meta name=\"description\" content=\"BoxBarrier\u00ae es un sistema multifuncional y se puede utilizar para diferentes aplicaciones.\" \/>\n<meta name=\"robots\" content=\"noindex, follow, max-snippet:-1, max-image-preview:large, max-video-preview:-1\" \/>\n<meta property=\"og:locale\" content=\"en_US\" \/>\n<meta property=\"og:type\" content=\"article\" \/>\n<meta property=\"og:title\" content=\"BoxBarrier\u00ae, la barrera contra inundaciones para cualquier situaci\u00f3n.\" \/>\n<meta property=\"og:description\" content=\"BoxBarrier\u00ae es un sistema multifuncional y se puede utilizar para diferentes aplicaciones.\" \/>\n<meta property=\"og:url\" content=\"https:\/\/boxbarrier.com\/?page_id=239105&amp;lang=es\" \/>\n<meta property=\"og:site_name\" content=\"BoxBarrier\" \/>\n<meta property=\"article:modified_time\" content=\"2021-10-29T16:50:59+00:00\" \/>\n<meta name=\"twitter:card\" content=\"summary_large_image\" \/>\n<meta name=\"twitter:label1\" content=\"Est. reading time\" \/>\n\t<meta name=\"twitter:data1\" content=\"6 minutes\" \/>\n<script type=\"application\/ld+json\" class=\"yoast-schema-graph\">{\"@context\":\"https:\/\/schema.org\",\"@graph\":[{\"@type\":\"WebPage\",\"@id\":\"https:\/\/boxbarrier.com\/?page_id=239105&lang=es\",\"url\":\"https:\/\/boxbarrier.com\/?page_id=239105&lang=es\",\"name\":\"BoxBarrier\u00ae, la barrera contra inundaciones para cualquier situaci\u00f3n.\",\"isPartOf\":{\"@id\":\"https:\/\/boxbarrier.com\/#website\"},\"datePublished\":\"2021-10-23T11:00:51+00:00\",\"dateModified\":\"2021-10-29T16:50:59+00:00\",\"description\":\"BoxBarrier\u00ae es un sistema multifuncional y se puede utilizar para diferentes aplicaciones.\",\"breadcrumb\":{\"@id\":\"https:\/\/boxbarrier.com\/?page_id=239105&lang=es#breadcrumb\"},\"inLanguage\":\"en-US\",\"potentialAction\":[{\"@type\":\"ReadAction\",\"target\":[\"https:\/\/boxbarrier.com\/?page_id=239105&lang=es\"]}]},{\"@type\":\"BreadcrumbList\",\"@id\":\"https:\/\/boxbarrier.com\/?page_id=239105&lang=es#breadcrumb\",\"itemListElement\":[{\"@type\":\"ListItem\",\"position\":1,\"name\":\"Home\",\"item\":\"https:\/\/boxbarrier.com\/\"},{\"@type\":\"ListItem\",\"position\":2,\"name\":\"Aplicaciones\"}]},{\"@type\":\"WebSite\",\"@id\":\"https:\/\/boxbarrier.com\/#website\",\"url\":\"https:\/\/boxbarrier.com\/\",\"name\":\"BoxBarrier\",\"description\":\"Flood Barrier: Temporary Flood Defence System\",\"potentialAction\":[{\"@type\":\"SearchAction\",\"target\":{\"@type\":\"EntryPoint\",\"urlTemplate\":\"https:\/\/boxbarrier.com\/?s={search_term_string}\"},\"query-input\":{\"@type\":\"PropertyValueSpecification\",\"valueRequired\":true,\"valueName\":\"search_term_string\"}}],\"inLanguage\":\"en-US\"}]}<\/script>\n<!-- \/ Yoast SEO plugin. -->","yoast_head_json":{"title":"BoxBarrier\u00ae, la barrera contra inundaciones para cualquier situaci\u00f3n.","description":"BoxBarrier\u00ae es un sistema multifuncional y se puede utilizar para diferentes aplicaciones.","robots":{"index":"noindex","follow":"follow","max-snippet":"max-snippet:-1","max-image-preview":"max-image-preview:large","max-video-preview":"max-video-preview:-1"},"og_locale":"en_US","og_type":"article","og_title":"BoxBarrier\u00ae, la barrera contra inundaciones para cualquier situaci\u00f3n.","og_description":"BoxBarrier\u00ae es un sistema multifuncional y se puede utilizar para diferentes aplicaciones.","og_url":"https:\/\/boxbarrier.com\/?page_id=239105&lang=es","og_site_name":"BoxBarrier","article_modified_time":"2021-10-29T16:50:59+00:00","twitter_card":"summary_large_image","twitter_misc":{"Est. reading time":"6 minutes"},"schema":{"@context":"https:\/\/schema.org","@graph":[{"@type":"WebPage","@id":"https:\/\/boxbarrier.com\/?page_id=239105&lang=es","url":"https:\/\/boxbarrier.com\/?page_id=239105&lang=es","name":"BoxBarrier\u00ae, la barrera contra inundaciones para cualquier situaci\u00f3n.","isPartOf":{"@id":"https:\/\/boxbarrier.com\/#website"},"datePublished":"2021-10-23T11:00:51+00:00","dateModified":"2021-10-29T16:50:59+00:00","description":"BoxBarrier\u00ae es un sistema multifuncional y se puede utilizar para diferentes aplicaciones.","breadcrumb":{"@id":"https:\/\/boxbarrier.com\/?page_id=239105&lang=es#breadcrumb"},"inLanguage":"en-US","potentialAction":[{"@type":"ReadAction","target":["https:\/\/boxbarrier.com\/?page_id=239105&lang=es"]}]},{"@type":"BreadcrumbList","@id":"https:\/\/boxbarrier.com\/?page_id=239105&lang=es#breadcrumb","itemListElement":[{"@type":"ListItem","position":1,"name":"Home","item":"https:\/\/boxbarrier.com\/"},{"@type":"ListItem","position":2,"name":"Aplicaciones"}]},{"@type":"WebSite","@id":"https:\/\/boxbarrier.com\/#website","url":"https:\/\/boxbarrier.com\/","name":"BoxBarrier","description":"Flood Barrier: Temporary Flood Defence System","potentialAction":[{"@type":"SearchAction","target":{"@type":"EntryPoint","urlTemplate":"https:\/\/boxbarrier.com\/?s={search_term_string}"},"query-input":{"@type":"PropertyValueSpecification","valueRequired":true,"valueName":"search_term_string"}}],"inLanguage":"en-US"}]}},"_links":{"self":[{"href":"https:\/\/boxbarrier.com\/index.php?rest_route=\/wp\/v2\/pages\/239105","targetHints":{"allow":["GET"]}}],"collection":[{"href":"https:\/\/boxbarrier.com\/index.php?rest_route=\/wp\/v2\/pages"}],"about":[{"href":"https:\/\/boxbarrier.com\/index.php?rest_route=\/wp\/v2\/types\/page"}],"author":[{"embeddable":true,"href":"https:\/\/boxbarrier.com\/index.php?rest_route=\/wp\/v2\/users\/1"}],"replies":[{"embeddable":true,"href":"https:\/\/boxbarrier.com\/index.php?rest_route=%2Fwp%2Fv2%2Fcomments&post=239105"}],"version-history":[{"count":5,"href":"https:\/\/boxbarrier.com\/index.php?rest_route=\/wp\/v2\/pages\/239105\/revisions"}],"predecessor-version":[{"id":239281,"href":"https:\/\/boxbarrier.com\/index.php?rest_route=\/wp\/v2\/pages\/239105\/revisions\/239281"}],"wp:attachment":[{"href":"https:\/\/boxbarrier.com\/index.php?rest_route=%2Fwp%2Fv2%2Fmedia&parent=239105"}],"curies":[{"name":"wp","href":"https:\/\/api.w.org\/{rel}","templated":true}]}}